{"id":14697,"date":"2023-12-08T17:38:10","date_gmt":"2023-12-08T15:38:10","guid":{"rendered":"https:\/\/nano-sense.com\/?page_id=14697"},"modified":"2024-06-03T09:47:23","modified_gmt":"2024-06-03T07:47:23","slug":"documents-techniques-qaa","status":"publish","type":"page","link":"https:\/\/nano-sense.com\/index.php\/documents-techniques-qaa\/","title":{"rendered":"documents techniques QAA"},"content":{"rendered":"\t\t<div data-elementor-type=\"wp-page\" data-elementor-id=\"14697\" class=\"elementor elementor-14697\" data-elementor-post-type=\"page\">\n\t\t\t\t\t\t<section class=\"elementor-section elementor-top-section elementor-element elementor-element-78504168 elementor-section-content-middle elementor-section-boxed elementor-section-height-default elementor-section-height-default\" data-id=\"78504168\" data-element_type=\"section\">\n\t\t\t\t\t\t<div class=\"elementor-container elementor-column-gap-no\">\n\t\t\t\t\t<div class=\"elementor-column elementor-col-100 elementor-top-column elementor-element elementor-element-169bef29\" data-id=\"169bef29\" data-element_type=\"column\">\n\t\t\t<div class=\"elementor-widget-wrap elementor-element-populated\">\n\t\t\t\t\t\t<div class=\"elementor-element elementor-element-1dfcfdd elementor-widget elementor-widget-heading\" data-id=\"1dfcfdd\" data-element_type=\"widget\" data-widget_type=\"heading.default\">\n\t\t\t\t<div class=\"elementor-widget-container\">\n\t\t\t\t\t<h4 class=\"elementor-heading-title elementor-size-default\">Documents Techniques QAA<\/h4>\t\t\t\t<\/div>\n\t\t\t\t<\/div>\n\t\t\t\t<section class=\"elementor-section elementor-inner-section elementor-element elementor-element-7c052f5e elementor-section-content-middle elementor-section-boxed elementor-section-height-default elementor-section-height-default\" data-id=\"7c052f5e\" data-element_type=\"section\">\n\t\t\t\t\t\t<div class=\"elementor-container elementor-column-gap-no\">\n\t\t\t\t\t<div class=\"elementor-column elementor-col-50 elementor-inner-column elementor-element elementor-element-2986cd35\" data-id=\"2986cd35\" data-element_type=\"column\">\n\t\t\t<div class=\"elementor-widget-wrap elementor-element-populated\">\n\t\t\t\t\t\t<div class=\"elementor-element elementor-element-8efc1b8 elementor-widget elementor-widget-image\" data-id=\"8efc1b8\" data-element_type=\"widget\" data-widget_type=\"image.default\">\n\t\t\t\t<div class=\"elementor-widget-container\">\n\t\t\t\t\t\t\t\t\t\t\t\t\t\t\t<img fetchpriority=\"high\" decoding=\"async\" width=\"612\" height=\"612\" src=\"https:\/\/nano-sense.com\/wp-content\/uploads\/2023\/12\/drapeau-fr.jpg\" class=\"attachment-large size-large wp-image-14927\" alt=\"\" srcset=\"https:\/\/nano-sense.com\/wp-content\/uploads\/2023\/12\/drapeau-fr.jpg 612w, https:\/\/nano-sense.com\/wp-content\/uploads\/2023\/12\/drapeau-fr-300x300.jpg 300w, https:\/\/nano-sense.com\/wp-content\/uploads\/2023\/12\/drapeau-fr-150x150.jpg 150w\" sizes=\"(max-width: 612px) 100vw, 612px\" \/>\t\t\t\t\t\t\t\t\t\t\t\t\t\t\t<\/div>\n\t\t\t\t<\/div>\n\t\t\t\t<div class=\"elementor-element elementor-element-5803595 elementor-widget elementor-widget-heading\" data-id=\"5803595\" data-element_type=\"widget\" data-widget_type=\"heading.default\">\n\t\t\t\t<div class=\"elementor-widget-container\">\n\t\t\t\t\t<h2 class=\"elementor-heading-title elementor-size-default\">Version Fran\u00e7aise \u200b<\/h2>\t\t\t\t<\/div>\n\t\t\t\t<\/div>\n\t\t\t\t<div class=\"elementor-element elementor-element-dd257f7 elementor-widget elementor-widget-text-editor\" data-id=\"dd257f7\" data-element_type=\"widget\" data-widget_type=\"text-editor.default\">\n\t\t\t\t<div class=\"elementor-widget-container\">\n\t\t\t\t\t\t\t\t\t<p><span style=\"font-family: arial, helvetica, sans-serif; font-size: 18pt;\"><a href=\"https:\/\/nano-sense.com\/wp-content\/uploads\/2020\/01\/EP5000-line-FR-2020.pdf\"><img decoding=\"async\" src=\"https:\/\/nano-sense.com\/wp-content\/uploads\/2018\/08\/pdf-logo.jpg\" alt=\"\" width=\"57\" height=\"15\" \/><\/a><\/span><span style=\"text-decoration: underline; color: #3366ff;\"><a style=\"color: #3366ff; text-decoration: underline;\" href=\"https:\/\/nano-sense.com\/wp-content\/uploads\/2023\/12\/QAA-Manuel-dinstallation-V4.pdf\"><span style=\"font-family: arial, helvetica, sans-serif; font-size: 14pt;\">Manuel d&rsquo;installation<\/span><\/a>\u00a0<\/span><\/p><p><span style=\"font-family: arial, helvetica, sans-serif; font-size: 18pt;\"><a href=\"https:\/\/nano-sense.com\/wp-content\/uploads\/2020\/01\/EP5000-line-FR-2020.pdf\"><img decoding=\"async\" src=\"https:\/\/nano-sense.com\/wp-content\/uploads\/2018\/08\/pdf-logo.jpg\" alt=\"\" width=\"57\" height=\"15\" \/><\/a><\/span><span style=\"text-decoration: underline; color: #3366ff;\"><a style=\"color: #3366ff; text-decoration: underline;\" href=\"https:\/\/nano-sense.com\/wp-content\/uploads\/2023\/12\/QAA-Manuel-de-maintenance-V2.pdf\"><span style=\"font-family: arial, helvetica, sans-serif; font-size: 18.6667px; font-style: normal; font-variant-ligatures: normal; font-variant-caps: normal; font-weight: 400;\">Manuel de maintenance\u00a0<\/span><\/a><span style=\"font-family: arial, helvetica, sans-serif; font-size: 14pt;\"><br \/><\/span><\/span><\/p><p><span style=\"font-family: arial, helvetica, sans-serif; font-size: 18pt;\"><a href=\"https:\/\/nano-sense.com\/wp-content\/uploads\/2020\/01\/EP5000-line-FR-2020.pdf\"><img decoding=\"async\" src=\"https:\/\/nano-sense.com\/wp-content\/uploads\/2018\/08\/pdf-logo.jpg\" alt=\"\" width=\"57\" height=\"15\" \/><\/a><\/span><span style=\"text-decoration: underline; color: #3366ff;\"><a style=\"color: #3366ff; text-decoration: underline;\" href=\"https:\/\/nano-sense.com\/wp-content\/uploads\/2023\/12\/QAA-Protocole-Modbus-V11.pdf\"><span style=\"font-family: arial, helvetica, sans-serif; font-size: 14pt;\">Protocole Modbus<\/span><\/a><\/span><\/p><p><span style=\"text-decoration: underline; color: #3366ff;\"><a style=\"color: #3366ff; text-decoration: underline;\" href=\"https:\/\/nano-sense.com\/wp-content\/uploads\/2023\/12\/QAA-Protocole-Modbus-V11.pdf\"><span style=\"font-family: arial, helvetica, sans-serif; font-size: 14pt;\"><span style=\"font-family: arial, helvetica, sans-serif; font-size: 18pt;\"><a href=\"https:\/\/nano-sense.com\/wp-content\/uploads\/2020\/01\/EP5000-line-FR-2020.pdf\"><img decoding=\"async\" src=\"https:\/\/nano-sense.com\/wp-content\/uploads\/2018\/08\/pdf-logo.jpg\" alt=\"\" width=\"57\" height=\"15\" \/><\/a><\/span><\/span><\/a><\/span><span style=\"text-decoration: underline; color: #3366ff;\"><a style=\"color: #3366ff; text-decoration: underline;\" href=\"https:\/\/nano-sense.com\/wp-content\/uploads\/2023\/12\/QAA-Parametrage-EnOcean.pdf\"><span style=\"font-family: arial, helvetica, sans-serif; font-size: 14pt;\">Param\u00e9trage EnOcean<\/span><\/a><\/span><\/p><p><span style=\"font-family: arial, helvetica, sans-serif; font-size: 18pt;\"><a href=\"https:\/\/nano-sense.com\/wp-content\/uploads\/2020\/01\/EP5000-line-FR-2020.pdf\"><img decoding=\"async\" src=\"https:\/\/nano-sense.com\/wp-content\/uploads\/2018\/08\/pdf-logo.jpg\" alt=\"\" width=\"57\" height=\"15\" \/><\/a><\/span><span style=\"text-decoration: underline; color: #3366ff;\"><a style=\"color: #3366ff; text-decoration: underline;\" href=\"https:\/\/nano-sense.com\/wp-content\/uploads\/2023\/12\/QAA-NG-Parametrage-LoRa.pdf\"><span style=\"font-family: arial, helvetica, sans-serif; font-size: 14pt;\">Param\u00e9trage LORaWAN<\/span><\/a><\/span><\/p>\t\t\t\t\t\t\t\t<\/div>\n\t\t\t\t<\/div>\n\t\t\t\t\t<\/div>\n\t\t<\/div>\n\t\t\t\t<div class=\"elementor-column elementor-col-50 elementor-inner-column elementor-element elementor-element-5afccf70\" data-id=\"5afccf70\" data-element_type=\"column\">\n\t\t\t<div class=\"elementor-widget-wrap elementor-element-populated\">\n\t\t\t\t\t\t<div class=\"elementor-element elementor-element-adacbd2 elementor-widget elementor-widget-image\" data-id=\"adacbd2\" data-element_type=\"widget\" data-widget_type=\"image.default\">\n\t\t\t\t<div class=\"elementor-widget-container\">\n\t\t\t\t\t\t\t\t\t\t\t\t\t\t\t<img decoding=\"async\" width=\"400\" height=\"400\" src=\"https:\/\/nano-sense.com\/wp-content\/uploads\/2023\/12\/drapeau-anglais-rond.png\" class=\"attachment-large size-large wp-image-14929\" alt=\"\" srcset=\"https:\/\/nano-sense.com\/wp-content\/uploads\/2023\/12\/drapeau-anglais-rond.png 400w, https:\/\/nano-sense.com\/wp-content\/uploads\/2023\/12\/drapeau-anglais-rond-300x300.png 300w, https:\/\/nano-sense.com\/wp-content\/uploads\/2023\/12\/drapeau-anglais-rond-150x150.png 150w\" sizes=\"(max-width: 400px) 100vw, 400px\" \/>\t\t\t\t\t\t\t\t\t\t\t\t\t\t\t<\/div>\n\t\t\t\t<\/div>\n\t\t\t\t<div class=\"elementor-element elementor-element-e7398b3 elementor-widget elementor-widget-heading\" data-id=\"e7398b3\" data-element_type=\"widget\" data-widget_type=\"heading.default\">\n\t\t\t\t<div class=\"elementor-widget-container\">\n\t\t\t\t\t<h2 class=\"elementor-heading-title elementor-size-default\">English Version<\/h2>\t\t\t\t<\/div>\n\t\t\t\t<\/div>\n\t\t\t\t<div class=\"elementor-element elementor-element-9d3e548 elementor-widget elementor-widget-text-editor\" data-id=\"9d3e548\" data-element_type=\"widget\" data-widget_type=\"text-editor.default\">\n\t\t\t\t<div class=\"elementor-widget-container\">\n\t\t\t\t\t\t\t\t\t<p><span style=\"font-family: arial, helvetica, sans-serif; font-size: 18pt;\"><a href=\"https:\/\/nano-sense.com\/wp-content\/uploads\/2020\/01\/EP5000-line-FR-2020.pdf\"><img decoding=\"async\" src=\"https:\/\/nano-sense.com\/wp-content\/uploads\/2018\/08\/pdf-logo.jpg\" alt=\"\" width=\"57\" height=\"15\" \/><\/a><\/span><span style=\"text-decoration: underline; color: #3366ff;\"><a style=\"color: #3366ff; text-decoration: underline;\" href=\"https:\/\/nano-sense.com\/wp-content\/uploads\/2023\/12\/AAQ-Datasheet.pdf\"><span style=\"font-family: arial, helvetica, sans-serif; font-size: 14pt;\">Data Sheet<\/span><\/a><\/span><\/p><p><span style=\"font-family: arial, helvetica, sans-serif; font-size: 18pt;\"><a href=\"https:\/\/nano-sense.com\/wp-content\/uploads\/2020\/01\/EP5000-line-FR-2020.pdf\"><img decoding=\"async\" src=\"https:\/\/nano-sense.com\/wp-content\/uploads\/2018\/08\/pdf-logo.jpg\" alt=\"\" width=\"57\" height=\"15\" \/><\/a><\/span><span style=\"text-decoration: underline; color: #3366ff;\"><a style=\"color: #3366ff; text-decoration: underline;\" href=\"https:\/\/nano-sense.com\/wp-content\/uploads\/2023\/12\/AAQ-Installation-manual.pdf\"><span style=\"font-family: arial, helvetica, sans-serif; font-size: 14pt;\">Installation manual<\/span><\/a>\u00a0<\/span><\/p><p><span style=\"font-family: arial, helvetica, sans-serif; font-size: 18pt;\"><a href=\"https:\/\/nano-sense.com\/wp-content\/uploads\/2020\/01\/EP5000-line-FR-2020.pdf\"><img decoding=\"async\" src=\"https:\/\/nano-sense.com\/wp-content\/uploads\/2018\/08\/pdf-logo.jpg\" alt=\"\" width=\"57\" height=\"15\" \/><\/a><\/span><a style=\"font-variant-ligatures: normal; font-variant-caps: normal; font-family: 'Roboto Condensed'; font-size: 14px; font-style: normal; font-weight: 400; background-color: #ffffff; color: #3366ff; text-decoration-line: underline;\" href=\"https:\/\/nano-sense.com\/wp-content\/uploads\/2023\/12\/QAA-Parametrage-EnOcean-1.pdf\"><span style=\"font-family: arial, helvetica, sans-serif; font-size: 14pt;\">EnOcean Settings<\/span><\/a><\/p><p><span style=\"font-family: arial, helvetica, sans-serif; font-size: 18pt;\"><a href=\"https:\/\/nano-sense.com\/wp-content\/uploads\/2020\/01\/EP5000-line-FR-2020.pdf\"><img decoding=\"async\" src=\"https:\/\/nano-sense.com\/wp-content\/uploads\/2018\/08\/pdf-logo.jpg\" alt=\"\" width=\"57\" height=\"15\" \/><\/a><\/span><a style=\"font-size: 14px; background-color: #ffffff; color: #3366ff; text-decoration-line: underline;\" href=\"https:\/\/nano-sense.com\/wp-content\/uploads\/2023\/12\/AAQ-LoRa-Setting.doc.pdf\"><span style=\"font-family: arial, helvetica, sans-serif; font-size: 14pt;\">LORaWAN Settings<\/span><\/a><\/p><p><span style=\"font-family: arial, helvetica, sans-serif; font-size: 18pt;\"><a href=\"https:\/\/nano-sense.com\/wp-content\/uploads\/2020\/01\/EP5000-line-FR-2020.pdf\"><img decoding=\"async\" src=\"https:\/\/nano-sense.com\/wp-content\/uploads\/2018\/08\/pdf-logo.jpg\" alt=\"\" width=\"57\" height=\"15\" \/><\/a><\/span><span style=\"text-decoration-line: underline; color: #3366ff;\"><a style=\"color: #3366ff;\" href=\"https:\/\/nano-sense.com\/wp-content\/uploads\/2024\/04\/Lora-QAA-payload-parsing-V3-2.xlsx\"><span style=\"font-family: arial, helvetica, sans-serif; font-size: 14pt;\">Payload parsing<\/span><\/a><\/span><\/p>\t\t\t\t\t\t\t\t<\/div>\n\t\t\t\t<\/div>\n\t\t\t\t\t<\/div>\n\t\t<\/div>\n\t\t\t\t\t<\/div>\n\t\t<\/section>\n\t\t\t\t\t<\/div>\n\t\t<\/div>\n\t\t\t\t\t<\/div>\n\t\t<\/section>\n\t\t\t\t<section class=\"elementor-section elementor-top-section elementor-element elementor-element-1156fe3 elementor-section-boxed elementor-section-height-default elementor-section-height-default\" data-id=\"1156fe3\" data-element_type=\"section\">\n\t\t\t\t\t\t<div class=\"elementor-container elementor-column-gap-default\">\n\t\t\t\t\t<div class=\"elementor-column elementor-col-100 elementor-top-column elementor-element elementor-element-e5c109a\" data-id=\"e5c109a\" data-element_type=\"column\">\n\t\t\t<div class=\"elementor-widget-wrap elementor-element-populated\">\n\t\t\t\t\t\t\t<\/div>\n\t\t<\/div>\n\t\t\t\t\t<\/div>\n\t\t<\/section>\n\t\t\t\t<\/div>\n\t\t","protected":false},"excerpt":{"rendered":"<p>Documents Techniques QAA Version Fran\u00e7aise \u200b Manuel d&rsquo;installation\u00a0 Manuel de maintenance\u00a0 Protocole Modbus Param\u00e9trage EnOcean Param\u00e9trage LORaWAN English Version Data Sheet Installation manual\u00a0 EnOcean Settings LORaWAN Settings Payload parsing<\/p>\n","protected":false},"author":8,"featured_media":0,"parent":0,"menu_order":0,"comment_status":"closed","ping_status":"closed","template":"","meta":{"_uf_show_specific_survey":0,"_uf_disable_surveys":false,"footnotes":"","_wp_rev_ctl_limit":""},"class_list":["post-14697","page","type-page","status-publish","hentry","entry"],"aioseo_notices":[],"yoast_head":"<!-- This site is optimized with the Yoast SEO plugin v25.6 - https:\/\/yoast.com\/wordpress\/plugins\/seo\/ -->\n<title>documents techniques QAA - NanoSense<\/title>\n<meta name=\"description\" content=\"Sonde multi-capteurs mesure la Qualit\u00e9 de l&#039;Air Int\u00e9rieur et contr\u00f4le la ventilation (sur demande) tout en \u00e9conomisant de l&#039;\u00e9nergie.\" \/>\n<meta name=\"robots\" content=\"index, follow, max-snippet:-1, max-image-preview:large, max-video-preview:-1\" \/>\n<link rel=\"canonical\" href=\"https:\/\/nano-sense.com\/index.php\/documents-techniques-qaa\/\" \/>\n<meta property=\"og:locale\" content=\"fr_FR\" \/>\n<meta property=\"og:type\" content=\"article\" \/>\n<meta property=\"og:title\" content=\"documents techniques QAA - NanoSense\" \/>\n<meta property=\"og:description\" content=\"Sonde multi-capteurs mesure la Qualit\u00e9 de l&#039;Air Int\u00e9rieur et contr\u00f4le la ventilation (sur demande) tout en \u00e9conomisant de l&#039;\u00e9nergie.\" \/>\n<meta property=\"og:url\" content=\"https:\/\/nano-sense.com\/index.php\/documents-techniques-qaa\/\" \/>\n<meta property=\"og:site_name\" content=\"NanoSense\" \/>\n<meta property=\"article:modified_time\" content=\"2024-06-03T07:47:23+00:00\" \/>\n<meta property=\"og:image\" content=\"https:\/\/nano-sense.com\/wp-content\/uploads\/2023\/12\/drapeau-fr.jpg\" \/>\n<meta name=\"twitter:card\" content=\"summary_large_image\" \/>\n<meta name=\"twitter:label1\" content=\"Dur\u00e9e de lecture estim\u00e9e\" \/>\n\t<meta name=\"twitter:data1\" content=\"3 minutes\" \/>\n<script type=\"application\/ld+json\" class=\"yoast-schema-graph\">{\"@context\":\"https:\/\/schema.org\",\"@graph\":[{\"@type\":\"WebPage\",\"@id\":\"https:\/\/nano-sense.com\/index.php\/documents-techniques-qaa\/\",\"url\":\"https:\/\/nano-sense.com\/index.php\/documents-techniques-qaa\/\",\"name\":\"documents techniques QAA - NanoSense\",\"isPartOf\":{\"@id\":\"https:\/\/nano-sense.com\/#website\"},\"primaryImageOfPage\":{\"@id\":\"https:\/\/nano-sense.com\/index.php\/documents-techniques-qaa\/#primaryimage\"},\"image\":{\"@id\":\"https:\/\/nano-sense.com\/index.php\/documents-techniques-qaa\/#primaryimage\"},\"thumbnailUrl\":\"https:\/\/nano-sense.com\/wp-content\/uploads\/2023\/12\/drapeau-fr.jpg\",\"datePublished\":\"2023-12-08T15:38:10+00:00\",\"dateModified\":\"2024-06-03T07:47:23+00:00\",\"description\":\"Sonde multi-capteurs mesure la Qualit\u00e9 de l'Air Int\u00e9rieur et contr\u00f4le la ventilation (sur demande) tout en \u00e9conomisant de l'\u00e9nergie.\",\"breadcrumb\":{\"@id\":\"https:\/\/nano-sense.com\/index.php\/documents-techniques-qaa\/#breadcrumb\"},\"inLanguage\":\"fr-FR\",\"potentialAction\":[{\"@type\":\"ReadAction\",\"target\":[\"https:\/\/nano-sense.com\/index.php\/documents-techniques-qaa\/\"]}]},{\"@type\":\"ImageObject\",\"inLanguage\":\"fr-FR\",\"@id\":\"https:\/\/nano-sense.com\/index.php\/documents-techniques-qaa\/#primaryimage\",\"url\":\"https:\/\/nano-sense.com\/wp-content\/uploads\/2023\/12\/drapeau-fr.jpg\",\"contentUrl\":\"https:\/\/nano-sense.com\/wp-content\/uploads\/2023\/12\/drapeau-fr.jpg\",\"width\":612,\"height\":612,\"caption\":\"France flag illustration\"},{\"@type\":\"BreadcrumbList\",\"@id\":\"https:\/\/nano-sense.com\/index.php\/documents-techniques-qaa\/#breadcrumb\",\"itemListElement\":[{\"@type\":\"ListItem\",\"position\":1,\"name\":\"Accueil\",\"item\":\"https:\/\/nano-sense.com\/\"},{\"@type\":\"ListItem\",\"position\":2,\"name\":\"documents techniques QAA\"}]},{\"@type\":\"WebSite\",\"@id\":\"https:\/\/nano-sense.com\/#website\",\"url\":\"https:\/\/nano-sense.com\/\",\"name\":\"NanoSense\",\"description\":\"Just another Astra Starter Templates site\",\"publisher\":{\"@id\":\"https:\/\/nano-sense.com\/#\/schema\/person\/5df3fcb722c51e50b72365ebb0881502\"},\"potentialAction\":[{\"@type\":\"SearchAction\",\"target\":{\"@type\":\"EntryPoint\",\"urlTemplate\":\"https:\/\/nano-sense.com\/?s={search_term_string}\"},\"query-input\":{\"@type\":\"PropertyValueSpecification\",\"valueRequired\":true,\"valueName\":\"search_term_string\"}}],\"inLanguage\":\"fr-FR\"},{\"@type\":[\"Person\",\"Organization\"],\"@id\":\"https:\/\/nano-sense.com\/#\/schema\/person\/5df3fcb722c51e50b72365ebb0881502\",\"name\":\"Olivier\",\"image\":{\"@type\":\"ImageObject\",\"inLanguage\":\"fr-FR\",\"@id\":\"https:\/\/nano-sense.com\/#\/schema\/person\/image\/\",\"url\":\"https:\/\/nano-sense.com\/wp-content\/uploads\/2024\/07\/cropped-image.png\",\"contentUrl\":\"https:\/\/nano-sense.com\/wp-content\/uploads\/2024\/07\/cropped-image.png\",\"width\":542,\"height\":318,\"caption\":\"Olivier\"},\"logo\":{\"@id\":\"https:\/\/nano-sense.com\/#\/schema\/person\/image\/\"}}]}<\/script>\n<!-- \/ Yoast SEO plugin. -->","yoast_head_json":{"title":"documents techniques QAA - NanoSense","description":"Sonde multi-capteurs mesure la Qualit\u00e9 de l'Air Int\u00e9rieur et contr\u00f4le la ventilation (sur demande) tout en \u00e9conomisant de l'\u00e9nergie.","robots":{"index":"index","follow":"follow","max-snippet":"max-snippet:-1","max-image-preview":"max-image-preview:large","max-video-preview":"max-video-preview:-1"},"canonical":"https:\/\/nano-sense.com\/index.php\/documents-techniques-qaa\/","og_locale":"fr_FR","og_type":"article","og_title":"documents techniques QAA - NanoSense","og_description":"Sonde multi-capteurs mesure la Qualit\u00e9 de l'Air Int\u00e9rieur et contr\u00f4le la ventilation (sur demande) tout en \u00e9conomisant de l'\u00e9nergie.","og_url":"https:\/\/nano-sense.com\/index.php\/documents-techniques-qaa\/","og_site_name":"NanoSense","article_modified_time":"2024-06-03T07:47:23+00:00","og_image":[{"url":"https:\/\/nano-sense.com\/wp-content\/uploads\/2023\/12\/drapeau-fr.jpg","type":"","width":"","height":""}],"twitter_card":"summary_large_image","twitter_misc":{"Dur\u00e9e de lecture estim\u00e9e":"3 minutes"},"schema":{"@context":"https:\/\/schema.org","@graph":[{"@type":"WebPage","@id":"https:\/\/nano-sense.com\/index.php\/documents-techniques-qaa\/","url":"https:\/\/nano-sense.com\/index.php\/documents-techniques-qaa\/","name":"documents techniques QAA - NanoSense","isPartOf":{"@id":"https:\/\/nano-sense.com\/#website"},"primaryImageOfPage":{"@id":"https:\/\/nano-sense.com\/index.php\/documents-techniques-qaa\/#primaryimage"},"image":{"@id":"https:\/\/nano-sense.com\/index.php\/documents-techniques-qaa\/#primaryimage"},"thumbnailUrl":"https:\/\/nano-sense.com\/wp-content\/uploads\/2023\/12\/drapeau-fr.jpg","datePublished":"2023-12-08T15:38:10+00:00","dateModified":"2024-06-03T07:47:23+00:00","description":"Sonde multi-capteurs mesure la Qualit\u00e9 de l'Air Int\u00e9rieur et contr\u00f4le la ventilation (sur demande) tout en \u00e9conomisant de l'\u00e9nergie.","breadcrumb":{"@id":"https:\/\/nano-sense.com\/index.php\/documents-techniques-qaa\/#breadcrumb"},"inLanguage":"fr-FR","potentialAction":[{"@type":"ReadAction","target":["https:\/\/nano-sense.com\/index.php\/documents-techniques-qaa\/"]}]},{"@type":"ImageObject","inLanguage":"fr-FR","@id":"https:\/\/nano-sense.com\/index.php\/documents-techniques-qaa\/#primaryimage","url":"https:\/\/nano-sense.com\/wp-content\/uploads\/2023\/12\/drapeau-fr.jpg","contentUrl":"https:\/\/nano-sense.com\/wp-content\/uploads\/2023\/12\/drapeau-fr.jpg","width":612,"height":612,"caption":"France flag illustration"},{"@type":"BreadcrumbList","@id":"https:\/\/nano-sense.com\/index.php\/documents-techniques-qaa\/#breadcrumb","itemListElement":[{"@type":"ListItem","position":1,"name":"Accueil","item":"https:\/\/nano-sense.com\/"},{"@type":"ListItem","position":2,"name":"documents techniques QAA"}]},{"@type":"WebSite","@id":"https:\/\/nano-sense.com\/#website","url":"https:\/\/nano-sense.com\/","name":"NanoSense","description":"Just another Astra Starter Templates site","publisher":{"@id":"https:\/\/nano-sense.com\/#\/schema\/person\/5df3fcb722c51e50b72365ebb0881502"},"potentialAction":[{"@type":"SearchAction","target":{"@type":"EntryPoint","urlTemplate":"https:\/\/nano-sense.com\/?s={search_term_string}"},"query-input":{"@type":"PropertyValueSpecification","valueRequired":true,"valueName":"search_term_string"}}],"inLanguage":"fr-FR"},{"@type":["Person","Organization"],"@id":"https:\/\/nano-sense.com\/#\/schema\/person\/5df3fcb722c51e50b72365ebb0881502","name":"Olivier","image":{"@type":"ImageObject","inLanguage":"fr-FR","@id":"https:\/\/nano-sense.com\/#\/schema\/person\/image\/","url":"https:\/\/nano-sense.com\/wp-content\/uploads\/2024\/07\/cropped-image.png","contentUrl":"https:\/\/nano-sense.com\/wp-content\/uploads\/2024\/07\/cropped-image.png","width":542,"height":318,"caption":"Olivier"},"logo":{"@id":"https:\/\/nano-sense.com\/#\/schema\/person\/image\/"}}]}},"_links":{"self":[{"href":"https:\/\/nano-sense.com\/index.php\/wp-json\/wp\/v2\/pages\/14697"}],"collection":[{"href":"https:\/\/nano-sense.com\/index.php\/wp-json\/wp\/v2\/pages"}],"about":[{"href":"https:\/\/nano-sense.com\/index.php\/wp-json\/wp\/v2\/types\/page"}],"author":[{"embeddable":true,"href":"https:\/\/nano-sense.com\/index.php\/wp-json\/wp\/v2\/users\/8"}],"replies":[{"embeddable":true,"href":"https:\/\/nano-sense.com\/index.php\/wp-json\/wp\/v2\/comments?post=14697"}],"version-history":[{"count":3,"href":"https:\/\/nano-sense.com\/index.php\/wp-json\/wp\/v2\/pages\/14697\/revisions"}],"predecessor-version":[{"id":16604,"href":"https:\/\/nano-sense.com\/index.php\/wp-json\/wp\/v2\/pages\/14697\/revisions\/16604"}],"wp:attachment":[{"href":"https:\/\/nano-sense.com\/index.php\/wp-json\/wp\/v2\/media?parent=14697"}],"curies":[{"name":"wp","href":"https:\/\/api.w.org\/{rel}","templated":true}]}}